{"id":1881,"date":"2026-01-04T09:10:53","date_gmt":"2026-01-04T09:10:53","guid":{"rendered":"https:\/\/sancobiotech.com\/?page_id=1881"},"modified":"2026-04-09T10:28:36","modified_gmt":"2026-04-09T10:28:36","slug":"blog","status":"publish","type":"page","link":"https:\/\/www.sancofd.com\/es\/blog\/","title":{"rendered":"Blog"},"content":{"rendered":"<div data-elementor-type=\"wp-page\" data-elementor-id=\"1881\" class=\"elementor elementor-1881\" data-elementor-post-type=\"page\">\n\t\t\t\t<div class=\"elementor-element elementor-element-796b0e92 e-con-full e-flex e-con e-parent\" data-id=\"796b0e92\" data-element_type=\"container\" data-e-type=\"container\" data-settings=\"{&quot;background_background&quot;:&quot;classic&quot;}\">\n\t\t\t\t<div class=\"elementor-element elementor-element-c5d068c elementor-widget elementor-widget-html\" data-id=\"c5d068c\" data-element_type=\"widget\" data-e-type=\"widget\" data-widget_type=\"html.default\">\n\t\t\t\t\t<section class=\"sanco-banner\">\r\n  <div class=\"sanco-banner-inner\">\r\n    \r\n    <!-- \u5de6\u4fa7\u6587\u5b57 -->\r\n    <div class=\"sanco-banner-text\">\r\n      <span class=\"sanco-tag\">SANCO - Automatizaci\u00f3n industrial<\/span>\r\n      <h1>\r\n        Dispensaci\u00f3n de precisi\u00f3n<br>\r\n        &amp; Soluciones de revestimiento\r\n      <\/h1>\r\n      <p>\r\n        Explore aplicaciones del mundo real, tecnolog\u00edas de dosificaci\u00f3n avanzadas\r\n        y l\u00edneas de producci\u00f3n automatizadas en las que conf\u00edan fabricantes de todo el mundo.\r\n      <\/p>\r\n\r\n      <div class=\"sanco-banner-btns\">\r\n        <a href=\"\/es\/blog\/\" class=\"btn-primary\">Blog<\/a>\r\n        <a href=\"\/es\/?page_id=1728\" class=\"btn-outline\">Exposici\u00f3n<\/a>\r\n      <\/div>\r\n    <\/div>\r\n\r\n \r\n\r\n<style>\r\n.sanco-banner {\r\n  background: linear-gradient(135deg, #0b2545 0%, #102a43 100%);\r\n  padding: 90px 20px;\r\n  overflow: hidden;\r\n}\r\n\r\n.sanco-banner-inner {\r\n  max-width: 1320px;\r\n  margin: 0 auto;\r\n  display: grid;\r\n  grid-template-columns: 1.1fr 0.9fr;\r\n  align-items: center;\r\n  gap: 60px;\r\n}\r\n\r\n.sanco-banner-text {\r\n  color: #fff;\r\n}\r\n\r\n.sanco-tag {\r\n  display: inline-block;\r\n  padding: 6px 14px;\r\n  background: rgba(255,255,255,0.1);\r\n  border-radius: 999px;\r\n  font-size: 13px;\r\n  letter-spacing: 0.5px;\r\n  margin-bottom: 18px;\r\n}\r\n\r\n.sanco-banner-text h1 {\r\n  font-size: 54px;\r\n  line-height: 1.15;\r\n  font-weight: 800;\r\n  margin-bottom: 20px;\r\n}\r\n\r\n.sanco-banner-text p {\r\n  font-size: 16px;\r\n  max-width: 520px;\r\n  line-height: 1.7;\r\n  color: #d1d5db;\r\n}\r\n\r\n.sanco-banner-btns {\r\n  margin-top: 36px;\r\n}\r\n\r\n.sanco-banner-btns a {\r\n  display: inline-block;\r\n  padding: 14px 32px;\r\n  border-radius: 999px;\r\n  font-size: 14px;\r\n  font-weight: 600;\r\n  text-decoration: none;\r\n  margin-right: 16px;\r\n}\r\n\r\n.btn-primary {\r\n  background: #2563eb;\r\n  color: #fff;\r\n}\r\n\r\n.btn-primary:hover {\r\n  background: #3b82f6;\r\n}\r\n\r\n.btn-outline {\r\n  border: 1px solid rgba(255,255,255,0.4);\r\n  color: #fff;\r\n}\r\n\r\n.btn-outline:hover {\r\n  background: rgba(255,255,255,0.1);\r\n}\r\n\r\n.sanco-banner-image img {\r\n  max-width: 100%;\r\n  height: auto;\r\n  display: block;\r\n}\r\n\r\n\/* \u54cd\u5e94\u5f0f *\/\r\n@media (max-width: 992px) {\r\n  .sanco-banner-inner {\r\n    grid-template-columns: 1fr;\r\n    text-align: center;\r\n  }\r\n\r\n  .sanco-banner-text p {\r\n    margin: 0 auto;\r\n  }\r\n\r\n  .sanco-banner-btns a {\r\n    margin-bottom: 12px;\r\n  }\r\n}\r\n<\/style>\r\n\r\n\t\t\t\t<\/div>\n\t\t\t\t<\/div>\n\t\t\t\t<section class=\"elementor-section elementor-top-section elementor-element elementor-element-2c5e33b1 elementor-section-full_width elementor-section-height-default elementor-section-height-default\" data-id=\"2c5e33b1\" data-element_type=\"section\" data-e-type=\"section\" data-settings=\"{&quot;background_background&quot;:&quot;classic&quot;}\">\n\t\t\t\t\t\t<div class=\"elementor-container elementor-column-gap-default\">\n\t\t\t\t\t<div class=\"elementor-column elementor-col-100 elementor-top-column elementor-element elementor-element-371b892d\" data-id=\"371b892d\" data-element_type=\"column\" data-e-type=\"column\">\n\t\t\t<div class=\"elementor-widget-wrap elementor-element-populated\">\n\t\t\t\t\t\t<div class=\"elementor-element elementor-element-39800946 elementor-widget elementor-widget-heading\" data-id=\"39800946\" data-element_type=\"widget\" data-e-type=\"widget\" data-widget_type=\"heading.default\">\n\t\t\t\t\t<h2 class=\"elementor-heading-title elementor-size-default\">\u00bfQu\u00e9 hay de nuevo en SANCO?<\/h2>\t\t\t\t<\/div>\n\t\t\t\t<div class=\"elementor-element elementor-element-5ab05abe elementor-grid-4 elementor-widget__width-initial elementor-grid-tablet-2 elementor-grid-mobile-1 elementor-posts--thumbnail-top elementor-widget elementor-widget-posts\" data-id=\"5ab05abe\" data-element_type=\"widget\" data-e-type=\"widget\" data-settings=\"{&quot;pagination_type&quot;:&quot;numbers_and_prev_next&quot;,&quot;classic_columns&quot;:&quot;4&quot;,&quot;classic_columns_tablet&quot;:&quot;2&quot;,&quot;classic_columns_mobile&quot;:&quot;1&quot;,&quot;classic_row_gap&quot;:{&quot;unit&quot;:&quot;px&quot;,&quot;size&quot;:35,&quot;sizes&quot;:[]},&quot;classic_row_gap_tablet&quot;:{&quot;unit&quot;:&quot;px&quot;,&quot;size&quot;:&quot;&quot;,&quot;sizes&quot;:[]},&quot;classic_row_gap_mobile&quot;:{&quot;unit&quot;:&quot;px&quot;,&quot;size&quot;:&quot;&quot;,&quot;sizes&quot;:[]}}\" data-widget_type=\"posts.classic\">\n\t\t\t\t<div class=\"elementor-widget-container\">\n\t\t\t\t\t\t\t<div class=\"elementor-posts-container elementor-posts elementor-posts--skin-classic elementor-grid\" role=\"list\">\n\t\t\t\t<article class=\"elementor-post elementor-grid-item post-6456 post type-post status-publish format-standard has-post-thumbnail hentry category-uncategorized tag-bga tag-bga-protection tag-capillary-action tag-coating-process tag-coating-valve tag-coating-wicking tag-conformal-coating tag-conformal-coating-machine tag-electronic-manufacturing tag-masking-solution tag-pcb-assembly tag-pcb-coating tag-pcb-protection tag-pcba tag-pcba-reliability tag-reliability-testing tag-selective-conformal-coating tag-smt tag-thermal-testing\" role=\"listitem\">\n\t\t\t\t<a class=\"elementor-post__thumbnail__link\" href=\"https:\/\/www.sancofd.com\/es\/does-conformal-coating-under-a-bga-affect-reliability-causes-risks-and-protection-methods\/\" tabindex=\"-1\" target=\"&quot;_blank&quot;\">\n\t\t\t<div class=\"elementor-post__thumbnail\"><img fetchpriority=\"high\" decoding=\"async\" width=\"1536\" height=\"991\" src=\"https:\/\/www.sancofd.com\/wp-content\/uploads\/2026\/04\/\u4e0a\u4e0b\u6273\u673a\u6d82\u8986\u7ebf.png\" class=\"attachment-full size-full wp-image-6466\" alt=\"\" srcset=\"https:\/\/www.sancofd.com\/wp-content\/uploads\/2026\/04\/\u4e0a\u4e0b\u6273\u673a\u6d82\u8986\u7ebf.png 1536w, https:\/\/www.sancofd.com\/wp-content\/uploads\/2026\/04\/\u4e0a\u4e0b\u6273\u673a\u6d82\u8986\u7ebf-300x194.png 300w, https:\/\/www.sancofd.com\/wp-content\/uploads\/2026\/04\/\u4e0a\u4e0b\u6273\u673a\u6d82\u8986\u7ebf-1024x661.png 1024w, https:\/\/www.sancofd.com\/wp-content\/uploads\/2026\/04\/\u4e0a\u4e0b\u6273\u673a\u6d82\u8986\u7ebf-768x496.png 768w, https:\/\/www.sancofd.com\/wp-content\/uploads\/2026\/04\/\u4e0a\u4e0b\u6273\u673a\u6d82\u8986\u7ebf-18x12.png 18w\" sizes=\"(max-width: 1536px) 100vw, 1536px\" \/><\/div>\n\t\t<\/a>\n\t\t\t\t<div class=\"elementor-post__text\">\n\t\t\t\t<h3 class=\"elementor-post__title\">\n\t\t\t<a href=\"https:\/\/www.sancofd.com\/es\/does-conformal-coating-under-a-bga-affect-reliability-causes-risks-and-protection-methods\/\" target=\"&quot;_blank&quot;\">\n\t\t\t\tDoes Conformal Coating Under a BGA Affect Reliability? Causes, Risks, and Protection Methods\t\t\t<\/a>\n\t\t<\/h3>\n\t\t\t\t<div class=\"elementor-post__meta-data\">\n\t\t\t\t\t<span class=\"elementor-post-date\">\n\t\t\tabril 16, 2026\t\t<\/span>\n\t\t\t\t<\/div>\n\t\t\n\t\t<a class=\"elementor-post__read-more\" href=\"https:\/\/www.sancofd.com\/es\/does-conformal-coating-under-a-bga-affect-reliability-causes-risks-and-protection-methods\/\" aria-label=\"Read more about Does Conformal Coating Under a BGA Affect Reliability? Causes, Risks, and Protection Methods\" tabindex=\"-1\" target=\"_blank\">\n\t\t\tLeer M\u00e1s \u00bb\t\t<\/a>\n\n\t\t\t\t<\/div>\n\t\t\t\t<\/article>\n\t\t\t\t<article class=\"elementor-post elementor-grid-item post-6391 post type-post status-publish format-standard has-post-thumbnail hentry category-uncategorized\" role=\"listitem\">\n\t\t\t\t<a class=\"elementor-post__thumbnail__link\" href=\"https:\/\/www.sancofd.com\/es\/conformal-coating-process-flow-for-pcbs\/\" tabindex=\"-1\" target=\"&quot;_blank&quot;\">\n\t\t\t<div class=\"elementor-post__thumbnail\"><img decoding=\"async\" width=\"1536\" height=\"1024\" src=\"https:\/\/www.sancofd.com\/wp-content\/uploads\/2026\/04\/\u5de5\u53823.png\" class=\"attachment-full size-full wp-image-6394\" alt=\"\" srcset=\"https:\/\/www.sancofd.com\/wp-content\/uploads\/2026\/04\/\u5de5\u53823.png 1536w, https:\/\/www.sancofd.com\/wp-content\/uploads\/2026\/04\/\u5de5\u53823-300x200.png 300w, https:\/\/www.sancofd.com\/wp-content\/uploads\/2026\/04\/\u5de5\u53823-1024x683.png 1024w, https:\/\/www.sancofd.com\/wp-content\/uploads\/2026\/04\/\u5de5\u53823-768x512.png 768w, https:\/\/www.sancofd.com\/wp-content\/uploads\/2026\/04\/\u5de5\u53823-18x12.png 18w\" sizes=\"(max-width: 1536px) 100vw, 1536px\" \/><\/div>\n\t\t<\/a>\n\t\t\t\t<div class=\"elementor-post__text\">\n\t\t\t\t<h3 class=\"elementor-post__title\">\n\t\t\t<a href=\"https:\/\/www.sancofd.com\/es\/conformal-coating-process-flow-for-pcbs\/\" target=\"&quot;_blank&quot;\">\n\t\t\t\tConformal Coating Process Flow for PCBs\t\t\t<\/a>\n\t\t<\/h3>\n\t\t\t\t<div class=\"elementor-post__meta-data\">\n\t\t\t\t\t<span class=\"elementor-post-date\">\n\t\t\tabril 9, 2026\t\t<\/span>\n\t\t\t\t<\/div>\n\t\t\n\t\t<a class=\"elementor-post__read-more\" href=\"https:\/\/www.sancofd.com\/es\/conformal-coating-process-flow-for-pcbs\/\" aria-label=\"Read more about Conformal Coating Process Flow for PCBs\" tabindex=\"-1\" target=\"_blank\">\n\t\t\tLeer M\u00e1s \u00bb\t\t<\/a>\n\n\t\t\t\t<\/div>\n\t\t\t\t<\/article>\n\t\t\t\t<article class=\"elementor-post elementor-grid-item post-6376 post type-post status-publish format-standard has-post-thumbnail hentry category-uncategorized tag-automatic-coating-machine tag-coating-system tag-conformal-coating-equipment tag-conformal-coating-machine tag-conformal-coating-valve tag-desktop-coating-machine tag-pcb-coating-equipment tag-pcba-conformal-coating tag-selective-coating-machine\" role=\"listitem\">\n\t\t\t\t<a class=\"elementor-post__thumbnail__link\" href=\"https:\/\/www.sancofd.com\/es\/how-to-choose-the-right-conformal-coating-equipment-for-pcba-production\/\" tabindex=\"-1\" target=\"&quot;_blank&quot;\">\n\t\t\t<div class=\"elementor-post__thumbnail\"><img decoding=\"async\" width=\"1536\" height=\"1024\" src=\"https:\/\/www.sancofd.com\/wp-content\/uploads\/2026\/04\/1.png\" class=\"attachment-full size-full wp-image-6390\" alt=\"\" srcset=\"https:\/\/www.sancofd.com\/wp-content\/uploads\/2026\/04\/1.png 1536w, https:\/\/www.sancofd.com\/wp-content\/uploads\/2026\/04\/1-300x200.png 300w, https:\/\/www.sancofd.com\/wp-content\/uploads\/2026\/04\/1-1024x683.png 1024w, https:\/\/www.sancofd.com\/wp-content\/uploads\/2026\/04\/1-768x512.png 768w, https:\/\/www.sancofd.com\/wp-content\/uploads\/2026\/04\/1-18x12.png 18w\" sizes=\"(max-width: 1536px) 100vw, 1536px\" \/><\/div>\n\t\t<\/a>\n\t\t\t\t<div class=\"elementor-post__text\">\n\t\t\t\t<h3 class=\"elementor-post__title\">\n\t\t\t<a href=\"https:\/\/www.sancofd.com\/es\/how-to-choose-the-right-conformal-coating-equipment-for-pcba-production\/\" target=\"&quot;_blank&quot;\">\n\t\t\t\tHow to Choose the Right Conformal Coating Equipment for PCBA Production\t\t\t<\/a>\n\t\t<\/h3>\n\t\t\t\t<div class=\"elementor-post__meta-data\">\n\t\t\t\t\t<span class=\"elementor-post-date\">\n\t\t\tabril 9, 2026\t\t<\/span>\n\t\t\t\t<\/div>\n\t\t\n\t\t<a class=\"elementor-post__read-more\" href=\"https:\/\/www.sancofd.com\/es\/how-to-choose-the-right-conformal-coating-equipment-for-pcba-production\/\" aria-label=\"Read more about How to Choose the Right Conformal Coating Equipment for PCBA Production\" tabindex=\"-1\" target=\"_blank\">\n\t\t\tLeer M\u00e1s \u00bb\t\t<\/a>\n\n\t\t\t\t<\/div>\n\t\t\t\t<\/article>\n\t\t\t\t<article class=\"elementor-post elementor-grid-item post-6156 post type-post status-publish format-standard has-post-thumbnail hentry category-uncategorized tag-conformal-coating-pcb-coating-pcb-surface-tension-surface-tension-wetting-coating-adhesion-selective-coating-electronics-manufacturing-pcb-manufacturing-industrial-automation\" role=\"listitem\">\n\t\t\t\t<a class=\"elementor-post__thumbnail__link\" href=\"https:\/\/www.sancofd.com\/es\/pcb-surface-tension-conformal-coating\/\" tabindex=\"-1\" target=\"&quot;_blank&quot;\">\n\t\t\t<div class=\"elementor-post__thumbnail\"><img loading=\"lazy\" decoding=\"async\" width=\"2048\" height=\"1365\" src=\"https:\/\/www.sancofd.com\/wp-content\/uploads\/2026\/04\/three-proof-coating-machine-sanco.png\" class=\"attachment-full size-full wp-image-6157\" alt=\"\" srcset=\"https:\/\/www.sancofd.com\/wp-content\/uploads\/2026\/04\/three-proof-coating-machine-sanco.png 2048w, https:\/\/www.sancofd.com\/wp-content\/uploads\/2026\/04\/three-proof-coating-machine-sanco-300x200.png 300w, https:\/\/www.sancofd.com\/wp-content\/uploads\/2026\/04\/three-proof-coating-machine-sanco-1024x683.png 1024w, https:\/\/www.sancofd.com\/wp-content\/uploads\/2026\/04\/three-proof-coating-machine-sanco-768x512.png 768w, https:\/\/www.sancofd.com\/wp-content\/uploads\/2026\/04\/three-proof-coating-machine-sanco-1536x1024.png 1536w, https:\/\/www.sancofd.com\/wp-content\/uploads\/2026\/04\/three-proof-coating-machine-sanco-18x12.png 18w\" sizes=\"(max-width: 2048px) 100vw, 2048px\" \/><\/div>\n\t\t<\/a>\n\t\t\t\t<div class=\"elementor-post__text\">\n\t\t\t\t<h3 class=\"elementor-post__title\">\n\t\t\t<a href=\"https:\/\/www.sancofd.com\/es\/pcb-surface-tension-conformal-coating\/\" target=\"&quot;_blank&quot;\">\n\t\t\t\tPCB surface tension conformal coating\t\t\t<\/a>\n\t\t<\/h3>\n\t\t\t\t<div class=\"elementor-post__meta-data\">\n\t\t\t\t\t<span class=\"elementor-post-date\">\n\t\t\tabril 2, 2026\t\t<\/span>\n\t\t\t\t<\/div>\n\t\t\n\t\t<a class=\"elementor-post__read-more\" href=\"https:\/\/www.sancofd.com\/es\/pcb-surface-tension-conformal-coating\/\" aria-label=\"Read more about PCB surface tension conformal coating\" tabindex=\"-1\" target=\"_blank\">\n\t\t\tLeer M\u00e1s \u00bb\t\t<\/a>\n\n\t\t\t\t<\/div>\n\t\t\t\t<\/article>\n\t\t\t\t<article class=\"elementor-post elementor-grid-item post-6094 post type-post status-publish format-standard has-post-thumbnail hentry category-uncategorized tag-coating-machine tag-curing-oven tag-dispensing-machine tag-potting-machine tag-productronica-china tag-sanco tag-shanghai\" role=\"listitem\">\n\t\t\t\t<a class=\"elementor-post__thumbnail__link\" href=\"https:\/\/www.sancofd.com\/es\/productronica-china-shanghai-2026\/\" tabindex=\"-1\" target=\"&quot;_blank&quot;\">\n\t\t\t<div class=\"elementor-post__thumbnail\"><img loading=\"lazy\" decoding=\"async\" width=\"1707\" height=\"1280\" src=\"https:\/\/www.sancofd.com\/wp-content\/uploads\/2026\/03\/4b4ef37cd5ffaba65b959a8c96dd6d66.jpg\" class=\"attachment-full size-full wp-image-6095\" alt=\"\" srcset=\"https:\/\/www.sancofd.com\/wp-content\/uploads\/2026\/03\/4b4ef37cd5ffaba65b959a8c96dd6d66.jpg 1707w, https:\/\/www.sancofd.com\/wp-content\/uploads\/2026\/03\/4b4ef37cd5ffaba65b959a8c96dd6d66-300x225.jpg 300w, https:\/\/www.sancofd.com\/wp-content\/uploads\/2026\/03\/4b4ef37cd5ffaba65b959a8c96dd6d66-1024x768.jpg 1024w, https:\/\/www.sancofd.com\/wp-content\/uploads\/2026\/03\/4b4ef37cd5ffaba65b959a8c96dd6d66-768x576.jpg 768w, https:\/\/www.sancofd.com\/wp-content\/uploads\/2026\/03\/4b4ef37cd5ffaba65b959a8c96dd6d66-1536x1152.jpg 1536w, https:\/\/www.sancofd.com\/wp-content\/uploads\/2026\/03\/4b4ef37cd5ffaba65b959a8c96dd6d66-16x12.jpg 16w\" sizes=\"(max-width: 1707px) 100vw, 1707px\" \/><\/div>\n\t\t<\/a>\n\t\t\t\t<div class=\"elementor-post__text\">\n\t\t\t\t<h3 class=\"elementor-post__title\">\n\t\t\t<a href=\"https:\/\/www.sancofd.com\/es\/productronica-china-shanghai-2026\/\" target=\"&quot;_blank&quot;\">\n\t\t\t\tSANCO at Productronica\t\t\t<\/a>\n\t\t<\/h3>\n\t\t\t\t<div class=\"elementor-post__meta-data\">\n\t\t\t\t\t<span class=\"elementor-post-date\">\n\t\t\tmarzo 25, 2026\t\t<\/span>\n\t\t\t\t<\/div>\n\t\t\n\t\t<a class=\"elementor-post__read-more\" href=\"https:\/\/www.sancofd.com\/es\/productronica-china-shanghai-2026\/\" aria-label=\"Read more about SANCO at Productronica\" tabindex=\"-1\" target=\"_blank\">\n\t\t\tLeer M\u00e1s \u00bb\t\t<\/a>\n\n\t\t\t\t<\/div>\n\t\t\t\t<\/article>\n\t\t\t\t<article class=\"elementor-post elementor-grid-item post-4697 post type-post status-publish format-standard has-post-thumbnail hentry category-uncategorized\" role=\"listitem\">\n\t\t\t\t<a class=\"elementor-post__thumbnail__link\" href=\"https:\/\/www.sancofd.com\/es\/pcba-piezoelectric-valve-dispensing-application-for-pcb-assembly\/\" tabindex=\"-1\" target=\"&quot;_blank&quot;\">\n\t\t\t<div class=\"elementor-post__thumbnail\"><img loading=\"lazy\" decoding=\"async\" width=\"1024\" height=\"1024\" src=\"https:\/\/www.sancofd.com\/wp-content\/uploads\/2026\/02\/piezo-valve-controller.png\" class=\"attachment-full size-full wp-image-5034\" alt=\"\" srcset=\"https:\/\/www.sancofd.com\/wp-content\/uploads\/2026\/02\/piezo-valve-controller.png 1024w, https:\/\/www.sancofd.com\/wp-content\/uploads\/2026\/02\/piezo-valve-controller-300x300.png 300w, https:\/\/www.sancofd.com\/wp-content\/uploads\/2026\/02\/piezo-valve-controller-150x150.png 150w, https:\/\/www.sancofd.com\/wp-content\/uploads\/2026\/02\/piezo-valve-controller-768x768.png 768w, https:\/\/www.sancofd.com\/wp-content\/uploads\/2026\/02\/piezo-valve-controller-12x12.png 12w\" sizes=\"(max-width: 1024px) 100vw, 1024px\" \/><\/div>\n\t\t<\/a>\n\t\t\t\t<div class=\"elementor-post__text\">\n\t\t\t\t<h3 class=\"elementor-post__title\">\n\t\t\t<a href=\"https:\/\/www.sancofd.com\/es\/pcba-piezoelectric-valve-dispensing-application-for-pcb-assembly\/\" target=\"&quot;_blank&quot;\">\n\t\t\t\tPCBA Piezo electric Valve Dispensing Application for PCB Assembly\t\t\t<\/a>\n\t\t<\/h3>\n\t\t\t\t<div class=\"elementor-post__meta-data\">\n\t\t\t\t\t<span class=\"elementor-post-date\">\n\t\t\t5 de febrero de 2026\t\t<\/span>\n\t\t\t\t<\/div>\n\t\t\n\t\t<a class=\"elementor-post__read-more\" href=\"https:\/\/www.sancofd.com\/es\/pcba-piezoelectric-valve-dispensing-application-for-pcb-assembly\/\" aria-label=\"Read more about PCBA Piezo electric Valve Dispensing Application for PCB Assembly\" tabindex=\"-1\" target=\"_blank\">\n\t\t\tLeer M\u00e1s \u00bb\t\t<\/a>\n\n\t\t\t\t<\/div>\n\t\t\t\t<\/article>\n\t\t\t\t<\/div>\n\t\t\n\t\t\t\t\t\t<\/div>\n\t\t\t\t<\/div>\n\t\t\t\t\t<\/div>\n\t\t<\/div>\n\t\t\t\t\t<\/div>\n\t\t<\/section>\n\t\t<div class=\"elementor-element elementor-element-fd0a9cf e-con-full e-flex e-con e-parent\" data-id=\"fd0a9cf\" data-element_type=\"container\" data-e-type=\"container\" data-settings=\"{&quot;background_background&quot;:&quot;classic&quot;}\">\n\t\t\t\t<\/div>\n\t\t<div class=\"elementor-element elementor-element-418f8b1 e-flex e-con-boxed e-con e-parent\" data-id=\"418f8b1\" data-element_type=\"container\" data-e-type=\"container\">\n\t\t\t\t\t<div class=\"e-con-inner\">\n\t\t\t\t\t<\/div>\n\t\t\t\t<\/div>\n\t\t\t\t<\/div>","protected":false},"excerpt":{"rendered":"","protected":false},"author":1,"featured_media":0,"parent":0,"menu_order":0,"comment_status":"closed","ping_status":"closed","template":"","meta":{"footnotes":""},"class_list":["post-1881","page","type-page","status-publish","hentry"],"_links":{"self":[{"href":"https:\/\/www.sancofd.com\/es\/wp-json\/wp\/v2\/pages\/1881","targetHints":{"allow":["GET"]}}],"collection":[{"href":"https:\/\/www.sancofd.com\/es\/wp-json\/wp\/v2\/pages"}],"about":[{"href":"https:\/\/www.sancofd.com\/es\/wp-json\/wp\/v2\/types\/page"}],"author":[{"embeddable":true,"href":"https:\/\/www.sancofd.com\/es\/wp-json\/wp\/v2\/users\/1"}],"replies":[{"embeddable":true,"href":"https:\/\/www.sancofd.com\/es\/wp-json\/wp\/v2\/comments?post=1881"}],"version-history":[{"count":170,"href":"https:\/\/www.sancofd.com\/es\/wp-json\/wp\/v2\/pages\/1881\/revisions"}],"predecessor-version":[{"id":6414,"href":"https:\/\/www.sancofd.com\/es\/wp-json\/wp\/v2\/pages\/1881\/revisions\/6414"}],"wp:attachment":[{"href":"https:\/\/www.sancofd.com\/es\/wp-json\/wp\/v2\/media?parent=1881"}],"curies":[{"name":"wp","href":"https:\/\/api.w.org\/{rel}","templated":true}]}}